{"id":2,"date":"2019-02-20T14:58:18","date_gmt":"2019-02-20T17:58:18","guid":{"rendered":"http:\/\/beatlescover.com.br\/?page_id=2"},"modified":"2024-04-19T12:30:58","modified_gmt":"2024-04-19T15:30:58","slug":"pagina-exemplo","status":"publish","type":"page","link":"https:\/\/beatlescover.com.br\/","title":{"rendered":"Home"},"content":{"rendered":"<p><div class=\"fusion-fullwidth fullwidth-box nonhundred-percent-fullwidth non-hundred-percent-height-scrolling\"  style='background-color: #242424;background-position: center center;background-repeat: no-repeat;padding-top:20px;padding-right:0px;padding-bottom:20px;padding-left:0px;'><div class=\"fusion-builder-row fusion-row \"><div  class=\"fusion-layout-column fusion_builder_column fusion_builder_column_1_2  fusion-one-half fusion-column-first 1_2\"  style='margin-top:0px;margin-bottom:20px;width:50%;width:calc(50% - ( ( 4% ) * 0.5 ) );margin-right: 4%;'>\r\n\t\t\t\t\t<div class=\"fusion-column-wrapper\" style=\"padding: 0px 0px 0px 0px;background-position:left top;background-repeat:no-repeat;-webkit-background-size:cover;-moz-background-size:cover;-o-background-size:cover;background-size:cover;\"   data-bg-url=\"\">\r\n\t\t\t\t\t\t<span style=\"-webkit-border-radius:5px;-moz-border-radius:5px;border-radius:5px;\" class=\"fusion-imageframe imageframe-none imageframe-1 hover-type-none\"><img decoding=\"async\" src=\"http:\/\/beatlescover.com.br\/wp-content\/uploads\/2023\/01\/d5723d87-fbbb-427a-be05-66225e6d75fd.jpg\" width=\"\" height=\"\" alt=\"\" title=\"d5723d87-fbbb-427a-be05-66225e6d75fd\" class=\"img-responsive wp-image-202\" srcset=\"https:\/\/beatlescover.com.br\/wp-content\/uploads\/2023\/01\/d5723d87-fbbb-427a-be05-66225e6d75fd-200x133.jpg 200w, https:\/\/beatlescover.com.br\/wp-content\/uploads\/2023\/01\/d5723d87-fbbb-427a-be05-66225e6d75fd-400x267.jpg 400w, https:\/\/beatlescover.com.br\/wp-content\/uploads\/2023\/01\/d5723d87-fbbb-427a-be05-66225e6d75fd-600x400.jpg 600w, https:\/\/beatlescover.com.br\/wp-content\/uploads\/2023\/01\/d5723d87-fbbb-427a-be05-66225e6d75fd-800x533.jpg 800w, https:\/\/beatlescover.com.br\/wp-content\/uploads\/2023\/01\/d5723d87-fbbb-427a-be05-66225e6d75fd-1200x800.jpg 1200w, https:\/\/beatlescover.com.br\/wp-content\/uploads\/2023\/01\/d5723d87-fbbb-427a-be05-66225e6d75fd.jpg 1280w\" sizes=\"(max-width: 800px) 100vw, 600px\" \/><\/span><div class=\"fusion-clearfix\"><\/div>\r\n\r\n\t\t\t\t\t<\/div>\r\n\t\t\t\t<\/div><div  class=\"fusion-layout-column fusion_builder_column fusion_builder_column_1_2  fusion-one-half fusion-column-last 1_2\"  style='margin-top:0px;margin-bottom:20px;width:50%;width:calc(50% - ( ( 4% ) * 0.5 ) );'>\r\n\t\t\t\t\t<div class=\"fusion-column-wrapper\" style=\"padding: 0px 0px 0px 0px;background-position:left top;background-repeat:no-repeat;-webkit-background-size:cover;-moz-background-size:cover;-o-background-size:cover;background-size:cover;\"   data-bg-url=\"\">\r\n\t\t\t\t\t\t<span style=\"-webkit-border-radius:5px;-moz-border-radius:5px;border-radius:5px;\" class=\"fusion-imageframe imageframe-none imageframe-2 hover-type-none\"><img decoding=\"async\" src=\"http:\/\/beatlescover.com.br\/wp-content\/uploads\/2023\/01\/8b430fb9-41f6-49d5-8c0a-6c5e297f426a.jpg\" width=\"\" height=\"\" alt=\"\" title=\"8b430fb9-41f6-49d5-8c0a-6c5e297f426a\" class=\"img-responsive wp-image-196\" srcset=\"https:\/\/beatlescover.com.br\/wp-content\/uploads\/2023\/01\/8b430fb9-41f6-49d5-8c0a-6c5e297f426a-200x133.jpg 200w, https:\/\/beatlescover.com.br\/wp-content\/uploads\/2023\/01\/8b430fb9-41f6-49d5-8c0a-6c5e297f426a-400x267.jpg 400w, https:\/\/beatlescover.com.br\/wp-content\/uploads\/2023\/01\/8b430fb9-41f6-49d5-8c0a-6c5e297f426a-600x400.jpg 600w, https:\/\/beatlescover.com.br\/wp-content\/uploads\/2023\/01\/8b430fb9-41f6-49d5-8c0a-6c5e297f426a-800x533.jpg 800w, https:\/\/beatlescover.com.br\/wp-content\/uploads\/2023\/01\/8b430fb9-41f6-49d5-8c0a-6c5e297f426a-1200x800.jpg 1200w, https:\/\/beatlescover.com.br\/wp-content\/uploads\/2023\/01\/8b430fb9-41f6-49d5-8c0a-6c5e297f426a.jpg 1280w\" sizes=\"(max-width: 800px) 100vw, 600px\" \/><\/span><div class=\"fusion-clearfix\"><\/div>\r\n\r\n\t\t\t\t\t<\/div>\r\n\t\t\t\t<\/div><\/div><\/div><div class=\"fusion-fullwidth fullwidth-box nonhundred-percent-fullwidth non-hundred-percent-height-scrolling fusion-equal-height-columns\"  style='background-color: #242424;background-position: center center;background-repeat: no-repeat;padding-top:50px;padding-right:20px;padding-bottom:20px;padding-left:20px;'><div class=\"fusion-builder-row fusion-row \"><div  class=\"fusion-layout-column fusion_builder_column fusion_builder_column_1_1  fusion-one-full fusion-column-first fusion-column-last 1_1\"  style='margin-top:0px;margin-bottom:0px;'>\r\n\t\t\t\t\t<div class=\"fusion-column-wrapper\" style=\"padding: 0px 0px 0px 0px;background-position:left top;background-repeat:no-repeat;-webkit-background-size:cover;-moz-background-size:cover;-o-background-size:cover;background-size:cover;\"   data-bg-url=\"\">\r\n\t\t\t\t\t\t<div class=\"fusion-column-content-centered\"><div class=\"fusion-column-content\"><div class=\"fusion-text\"><p>Com v\u00e1rias apresenta\u00e7\u00f5es pelo Brasil a\u00a0<strong>Banda Love Me Beatles<\/strong>\u00a0(<strong>Beatles Cover<\/strong>) traz um pouco do que foi a maior banda de todos os tempos (<strong>The Beatles<\/strong>), fazendo seu p\u00fablico se emocionar e n\u00e3o conseguir segurar as l\u00e1grimas, e com tudo isso juntando com o carisma a\u00a0<strong>Banda Love Me Beatles<\/strong>\u00a0(<strong>Beatles Cover<\/strong>) vem participando em v\u00e1rios canais de televis\u00e3o (TV Globo, RedeTV!, TV Band). Quem ainda n\u00e3o viu e ama os\u00a0<strong>The Beatles<\/strong>\u00a0n\u00e3o pode deixar de ver a\u00a0<strong>Banda Love me Beatles<\/strong>(<strong>Beatles Cover<\/strong>) interpretando todas as fases do quarteto de Liverpool.\u00a0<strong>Love Me Beatles<\/strong>\u00a0(<strong>Beatles Cover<\/strong>),\u00a0<strong>a sua banda cover dos Beatles<\/strong>.<\/p>\n<\/div><div class=\"fusion-sep-clear\"><\/div><div class=\"fusion-separator fusion-full-width-sep sep-none\" style=\"margin-left: auto;margin-right: auto;margin-top:;margin-bottom:40px;\"><\/div><div class=\"imageframe-align-center\"><span style=\"-webkit-border-radius:5px;-moz-border-radius:5px;border-radius:5px;\" class=\"fusion-imageframe imageframe-none imageframe-3 hover-type-none\"><\/span><\/div><div class=\"fusion-button-wrapper\"><style type=\"text\/css\" scoped=\"scoped\">.fusion-button.button-1 .fusion-button-text, .fusion-button.button-1 i {color:#ffffff;}.fusion-button.button-1 {border-width:0px;border-color:#ffffff;}.fusion-button.button-1 .fusion-button-icon-divider{border-color:#ffffff;}.fusion-button.button-1:hover .fusion-button-text, .fusion-button.button-1:hover i,.fusion-button.button-1:focus .fusion-button-text, .fusion-button.button-1:focus i,.fusion-button.button-1:active .fusion-button-text, .fusion-button.button-1:active{color:#ffffff;}.fusion-button.button-1:hover, .fusion-button.button-1:focus, .fusion-button.button-1:active{border-width:0px;border-color:#ffffff;}.fusion-button.button-1:hover .fusion-button-icon-divider, .fusion-button.button-1:hover .fusion-button-icon-divider, .fusion-button.button-1:active .fusion-button-icon-divider{border-color:#ffffff;}.fusion-button.button-1{width:auto;}<\/style><a class=\"fusion-button button-flat fusion-button-round button-large button-default button-1 fusion-no-small-visibility\" target=\"_self\" href=\"https:\/\/www.instagram.com\/beatlescoverlovemebeatles\"><span class=\"fusion-button-text\">Instagram @beatlescoverlovemebeatles<\/span><\/a><\/div><\/div><\/div><div class=\"fusion-clearfix\"><\/div>\r\n\r\n\t\t\t\t\t<\/div>\r\n\t\t\t\t<\/div><\/div><\/div><div id=\"banda\" class=\"fusion-fullwidth fullwidth-box nonhundred-percent-fullwidth non-hundred-percent-height-scrolling fusion-equal-height-columns\"  style='background-color: #242424;background-position: center center;background-repeat: no-repeat;padding-top:50px;padding-right:20px;padding-bottom:20px;padding-left:20px;'><div class=\"fusion-builder-row fusion-row \"><div  class=\"fusion-layout-column fusion_builder_column fusion_builder_column_2_3  fusion-two-third fusion-column-first 2_3\"  style='margin-top:0px;margin-bottom:0px;width:65.3333%; margin-right: 4%;'>\r\n\t\t\t\t\t<div class=\"fusion-column-wrapper\" style=\"padding: 0px 0px 0px 0px;background-position:left top;background-repeat:no-repeat;-webkit-background-size:cover;-moz-background-size:cover;-o-background-size:cover;background-size:cover;\"   data-bg-url=\"\">\r\n\t\t\t\t\t\t<div class=\"fusion-column-content-centered\"><div class=\"fusion-column-content\"><div class=\"fusion-text\"><h2>A BANDA LOVE ME BEATLES<\/h2>\n<\/div><div class=\"fusion-text\"><div id=\"wb_Text1\">Inspirada na musicalidade do rock ingl\u00eas dos anos 60 e com timbres inconfund\u00edveis dos The Beatles, a Banda Love Me Beatles (Beatles Cover) \u00e9 refer\u00eancia de fidelidade aos lend\u00e1rios garotos de Liverpool.<\/div>\n<div id=\"wb_Text2\">Vestidos e produzidos a car\u00e1ter (ternos e perucas) e com r\u00e9plicas dos instrumentos do quarteto de Liverpool, a Banda Love Me Beatles (Beatles Cover) enfatiza em seus shows todas as fases musicais dos The Beatles, inclusive a \u00e9poca do pr\u00e9-sucesso quando se apresentavam em pequenos clubes.<\/div>\n<div id=\"wb_Text3\">A Banda Love Me Beatles (Beatles Cover) foi eleita a melhor banda do estado no ano de 2003, evento realizado em Santos-SP (The Beatles Festival Brasil), ficando entre as tr\u00eas melhores bandas cover dos The Beatles do pa\u00eds e vem desde ent\u00e3o se atualizando tanto no repert\u00f3rio como nas vestimentas para apresentar um show que remeta cada vez mais a magia do quarteto de Liverpool.<\/div>\n<\/div><div class=\"fusion-sep-clear\"><\/div><div class=\"fusion-separator fusion-full-width-sep sep-none\" style=\"margin-left: auto;margin-right: auto;margin-top:;margin-bottom:40px;\"><\/div><\/div><\/div><div class=\"fusion-clearfix\"><\/div>\r\n\r\n\t\t\t\t\t<\/div>\r\n\t\t\t\t<\/div><div  class=\"fusion-layout-column fusion_builder_column fusion_builder_column_1_3  fusion-one-third fusion-column-last 1_3\"  style='margin-top:0px;margin-bottom:0px;width:30.6666%'>\r\n\t\t\t\t\t<div class=\"fusion-column-wrapper\" style=\"padding: 0px 0px 0px 0px;background-position:left top;background-repeat:no-repeat;-webkit-background-size:cover;-moz-background-size:cover;-o-background-size:cover;background-size:cover;\"   data-bg-url=\"\">\r\n\t\t\t\t\t\t<div class=\"fusion-column-content-centered\"><div class=\"fusion-column-content\"><span style=\"-webkit-border-radius:5px;-moz-border-radius:5px;border-radius:5px;\" class=\"fusion-imageframe imageframe-none imageframe-4 hover-type-none\"><img decoding=\"async\" src=\"http:\/\/beatlescover.com.br\/wp-content\/uploads\/2023\/01\/PHOTO-2023-01-11-13-39-55.jpg\" width=\"\" height=\"\" alt=\"\" title=\"PHOTO-2023-01-11-13-39-55\" class=\"img-responsive wp-image-205\" srcset=\"https:\/\/beatlescover.com.br\/wp-content\/uploads\/2023\/01\/PHOTO-2023-01-11-13-39-55-200x203.jpg 200w, https:\/\/beatlescover.com.br\/wp-content\/uploads\/2023\/01\/PHOTO-2023-01-11-13-39-55-400x407.jpg 400w, https:\/\/beatlescover.com.br\/wp-content\/uploads\/2023\/01\/PHOTO-2023-01-11-13-39-55.jpg 545w\" sizes=\"(max-width: 800px) 100vw, 400px\" \/><\/span><\/div><\/div><div class=\"fusion-clearfix\"><\/div>\r\n\r\n\t\t\t\t\t<\/div>\r\n\t\t\t\t<\/div><\/div><\/div><div class=\"fusion-fullwidth fullwidth-box nonhundred-percent-fullwidth non-hundred-percent-height-scrolling\"  style='background-color: #242424;background-position: center center;background-repeat: no-repeat;padding-top:0px;padding-right:0px;padding-bottom:0px;padding-left:0px;'><div class=\"fusion-builder-row fusion-row \"><div  class=\"fusion-layout-column fusion_builder_column fusion_builder_column_2_5  fusion-two-fifth fusion-column-first 2_5\"  style='margin-top:0px;margin-bottom:20px;width:40%;width:calc(40% - ( ( 4% ) * 0.4 ) );margin-right: 4%;'>\r\n\t\t\t\t\t<div class=\"fusion-column-wrapper\" style=\"padding: 0px 0px 0px 0px;background-position:left top;background-repeat:no-repeat;-webkit-background-size:cover;-moz-background-size:cover;-o-background-size:cover;background-size:cover;\"   data-bg-url=\"\">\r\n\t\t\t\t\t\t<span style=\"-webkit-border-radius:5px;-moz-border-radius:5px;border-radius:5px;\" class=\"fusion-imageframe imageframe-none imageframe-5 hover-type-none\"><img decoding=\"async\" src=\"http:\/\/beatlescover.com.br\/wp-content\/uploads\/2023\/01\/PHOTO-2023-01-11-13-43-02.jpg\" width=\"\" height=\"\" alt=\"\" title=\"PHOTO-2023-01-11-13-43-02\" class=\"img-responsive wp-image-208\" srcset=\"https:\/\/beatlescover.com.br\/wp-content\/uploads\/2023\/01\/PHOTO-2023-01-11-13-43-02-200x150.jpg 200w, https:\/\/beatlescover.com.br\/wp-content\/uploads\/2023\/01\/PHOTO-2023-01-11-13-43-02-400x300.jpg 400w, https:\/\/beatlescover.com.br\/wp-content\/uploads\/2023\/01\/PHOTO-2023-01-11-13-43-02-600x450.jpg 600w, https:\/\/beatlescover.com.br\/wp-content\/uploads\/2023\/01\/PHOTO-2023-01-11-13-43-02-800x600.jpg 800w, https:\/\/beatlescover.com.br\/wp-content\/uploads\/2023\/01\/PHOTO-2023-01-11-13-43-02-1200x900.jpg 1200w, https:\/\/beatlescover.com.br\/wp-content\/uploads\/2023\/01\/PHOTO-2023-01-11-13-43-02.jpg 1600w\" sizes=\"(max-width: 800px) 100vw, 600px\" \/><\/span><div class=\"fusion-clearfix\"><\/div>\r\n\r\n\t\t\t\t\t<\/div>\r\n\t\t\t\t<\/div><div  class=\"fusion-layout-column fusion_builder_column fusion_builder_column_2_5  fusion-two-fifth fusion-column-last 2_5\"  style='margin-top:0px;margin-bottom:20px;width:40%;width:calc(40% - ( ( 4% ) * 0.4 ) );'>\r\n\t\t\t\t\t<div class=\"fusion-column-wrapper\" style=\"padding: 0px 0px 0px 0px;background-position:left top;background-repeat:no-repeat;-webkit-background-size:cover;-moz-background-size:cover;-o-background-size:cover;background-size:cover;\"   data-bg-url=\"\">\r\n\t\t\t\t\t\t<span style=\"-webkit-border-radius:5px;-moz-border-radius:5px;border-radius:5px;\" class=\"fusion-imageframe imageframe-none imageframe-6 hover-type-none\"><img decoding=\"async\" src=\"http:\/\/beatlescover.com.br\/wp-content\/uploads\/2023\/01\/PHOTO-2023-01-11-13-43-03.jpg\" width=\"\" height=\"\" alt=\"\" title=\"PHOTO-2023-01-11-13-43-03\" class=\"img-responsive wp-image-209\" srcset=\"https:\/\/beatlescover.com.br\/wp-content\/uploads\/2023\/01\/PHOTO-2023-01-11-13-43-03-200x150.jpg 200w, https:\/\/beatlescover.com.br\/wp-content\/uploads\/2023\/01\/PHOTO-2023-01-11-13-43-03-400x300.jpg 400w, https:\/\/beatlescover.com.br\/wp-content\/uploads\/2023\/01\/PHOTO-2023-01-11-13-43-03-600x450.jpg 600w, https:\/\/beatlescover.com.br\/wp-content\/uploads\/2023\/01\/PHOTO-2023-01-11-13-43-03-800x600.jpg 800w, https:\/\/beatlescover.com.br\/wp-content\/uploads\/2023\/01\/PHOTO-2023-01-11-13-43-03-1200x900.jpg 1200w, https:\/\/beatlescover.com.br\/wp-content\/uploads\/2023\/01\/PHOTO-2023-01-11-13-43-03.jpg 1600w\" sizes=\"(max-width: 800px) 100vw, 600px\" \/><\/span><div class=\"fusion-clearfix\"><\/div>\r\n\r\n\t\t\t\t\t<\/div>\r\n\t\t\t\t<\/div><\/div><\/div><div class=\"fusion-fullwidth fullwidth-box nonhundred-percent-fullwidth non-hundred-percent-height-scrolling fusion-equal-height-columns\"  style='background-color: #242424;background-position: center center;background-repeat: no-repeat;padding-top:20px;padding-right:20px;padding-bottom:50px;padding-left:20px;'><div class=\"fusion-builder-row fusion-row \"><div  class=\"fusion-layout-column fusion_builder_column fusion_builder_column_1_1  fusion-one-full fusion-column-first fusion-column-last 1_1\"  style='margin-top:0px;margin-bottom:0px;'>\r\n\t\t\t\t\t<div class=\"fusion-column-wrapper\" style=\"padding: 0px 0px 0px 0px;background-position:left top;background-repeat:no-repeat;-webkit-background-size:cover;-moz-background-size:cover;-o-background-size:cover;background-size:cover;\"   data-bg-url=\"\">\r\n\t\t\t\t\t\t<div class=\"fusion-column-content-centered\"><div class=\"fusion-column-content\"><div class=\"fusion-text\"><h2>EMPRESAS QUE APOIAM A BANDA LOVE ME BEATLES (BEATLES COVER)<\/h2>\n<\/div><\/div><\/div><div class=\"fusion-clearfix\"><\/div>\r\n\r\n\t\t\t\t\t<\/div>\r\n\t\t\t\t<\/div><div  class=\"fusion-layout-column fusion_builder_column fusion_builder_column_1_6  fusion-one-sixth fusion-column-first 1_6\"  style='margin-top:15px;margin-bottom:15px;width:13.3333%; margin-right: 4%;'>\r\n\t\t\t\t\t<div class=\"fusion-column-wrapper\" style=\"padding: 0px 0px 0px 0px;background-position:left top;background-repeat:no-repeat;-webkit-background-size:cover;-moz-background-size:cover;-o-background-size:cover;background-size:cover;\"   data-bg-url=\"\">\r\n\t\t\t\t\t\t<div class=\"fusion-column-content-centered\"><div class=\"fusion-column-content\"><div class=\"imageframe-align-center\"><span style=\"-webkit-border-radius:5px;-moz-border-radius:5px;border-radius:5px;\" class=\"fusion-imageframe imageframe-none imageframe-7 hover-type-none\"><img decoding=\"async\" src=\"http:\/\/beatlescover.com.br\/wp-content\/uploads\/2019\/02\/Apoio_MT-Shows-e-Eventos.jpg\" width=\"\" height=\"\" alt=\"\" title=\"Apoio_MT-Shows-e-Eventos\" class=\"img-responsive wp-image-20\"\/><\/span><\/div><\/div><\/div><div class=\"fusion-clearfix\"><\/div>\r\n\r\n\t\t\t\t\t<\/div>\r\n\t\t\t\t<\/div><div  class=\"fusion-layout-column fusion_builder_column fusion_builder_column_5_6  fusion-five-sixth fusion-column-last 5_6\"  style='margin-top:15px;margin-bottom:15px;width:82.6666%'>\r\n\t\t\t\t\t<div class=\"fusion-column-wrapper\" style=\"padding: 0px 0px 0px 0px;background-position:left top;background-repeat:no-repeat;-webkit-background-size:cover;-moz-background-size:cover;-o-background-size:cover;background-size:cover;\"   data-bg-url=\"\">\r\n\t\t\t\t\t\t<div class=\"fusion-column-content-centered\"><div class=\"fusion-column-content\"><div class=\"fusion-text\"><h3>MT Shows e Eventos - Bandas e Artistas Covers<\/h3>\n<\/div><div class=\"fusion-text\"><div id=\"wb_Text7\">Levamos at\u00e9 voc\u00ea os mais diversos Artistas e Bandas Covers nacionais e internacionais.<br \/>\nThe Beatles Cover, Legi\u00e3o Urbana Cover, Raul Seixas Cover, Elvis Presley Cover entre outros.<\/div>\n<div id=\"wb_Text9\"><strong style=\"color: #f0e68c;\">Site:<\/strong>\u00a0<a class=\"Links-Apoio\" href=\"http:\/\/www.mtshowseeventos.com.br\/\" target=\"_blank\" rel=\"noopener\">www.mtshowseeventos.com.br<\/a>\u00a0\/\u00a0<strong style=\"color: #f0e68c;\">Email:<\/strong>\u00a0contato@mtshowseeventos.com.br<\/div>\n<div id=\"wb_Text10\"><strong style=\"color: #f0e68c;\">Ligue:\u00a0<\/strong>(12)\u00a03322-8580\u00a0Escrit\u00f3rio\u00a0\/\u00a0(11)\u00a098770-1605\u00a0Tim\u00a0\/\u00a0(12)\u00a098126-5080\u00a0Tim<\/div>\n<div id=\"wb_Text11\">\u00a0(falar c\/ Marcos Telles)<\/div>\n<\/div><\/div><\/div><div class=\"fusion-clearfix\"><\/div>\r\n\r\n\t\t\t\t\t<\/div>\r\n\t\t\t\t<\/div><div  class=\"fusion-layout-column fusion_builder_column fusion_builder_column_1_6  fusion-one-sixth fusion-column-first 1_6\"  style='margin-top:15px;margin-bottom:15px;width:13.3333%; margin-right: 4%;'>\r\n\t\t\t\t\t<div class=\"fusion-column-wrapper\" style=\"padding: 0px 0px 0px 0px;background-position:left top;background-repeat:no-repeat;-webkit-background-size:cover;-moz-background-size:cover;-o-background-size:cover;background-size:cover;\"   data-bg-url=\"\">\r\n\t\t\t\t\t\t<div class=\"fusion-column-content-centered\"><div class=\"fusion-column-content\"><div class=\"imageframe-align-center\"><span style=\"-webkit-border-radius:5px;-moz-border-radius:5px;border-radius:5px;\" class=\"fusion-imageframe imageframe-none imageframe-8 hover-type-none\"><img decoding=\"async\" src=\"http:\/\/beatlescover.com.br\/wp-content\/uploads\/2023\/02\/Captura-de-tela-2023-02-02-053405.png\" width=\"\" height=\"\" alt=\"\" title=\"Captura de tela 2023-02-02 053405\" class=\"img-responsive wp-image-246\" srcset=\"https:\/\/beatlescover.com.br\/wp-content\/uploads\/2023\/02\/Captura-de-tela-2023-02-02-053405-200x193.png 200w, https:\/\/beatlescover.com.br\/wp-content\/uploads\/2023\/02\/Captura-de-tela-2023-02-02-053405.png 274w\" sizes=\"(max-width: 800px) 100vw, 274px\" \/><\/span><\/div><\/div><\/div><div class=\"fusion-clearfix\"><\/div>\r\n\r\n\t\t\t\t\t<\/div>\r\n\t\t\t\t<\/div><div  class=\"fusion-layout-column fusion_builder_column fusion_builder_column_5_6  fusion-five-sixth fusion-column-last 5_6\"  style='margin-top:15px;margin-bottom:15px;width:82.6666%'>\r\n\t\t\t\t\t<div class=\"fusion-column-wrapper\" style=\"padding: 0px 0px 0px 0px;background-position:left top;background-repeat:no-repeat;-webkit-background-size:cover;-moz-background-size:cover;-o-background-size:cover;background-size:cover;\"   data-bg-url=\"\">\r\n\t\t\t\t\t\t<div class=\"fusion-column-content-centered\"><div class=\"fusion-column-content\"><div class=\"fusion-text\"><h3>Fortress Luthieria 43\u00b4S<\/h3>\n<\/div><div class=\"fusion-text\"><div id=\"wb_Text7\">Luthieria r\u00e1pida e fina<\/div>\n<div id=\"wb_Text9\"><a href=\"mailto:musitronica@terra.com.br\">www.instagram.com\/fortress43<\/a>\/\u00a0<strong style=\"color: #f0e68c;\">Cidade:<\/strong>\u00a0S\u00e3o Jos\u00e9 dos Campos-SP<\/div>\n<div id=\"wb_Text10\"><strong style=\"color: #f0e68c;\">Telefone\/Whats: <\/strong>(12) 99167-9678<\/div>\n<\/div><\/div><\/div><div class=\"fusion-clearfix\"><\/div>\r\n\r\n\t\t\t\t\t<\/div>\r\n\t\t\t\t<\/div><\/div><\/div><\/p>\n","protected":false},"excerpt":{"rendered":"","protected":false},"author":1,"featured_media":0,"parent":0,"menu_order":0,"comment_status":"closed","ping_status":"open","template":"","meta":{"_exactmetrics_skip_tracking":false,"_exactmetrics_sitenote_active":false,"_exactmetrics_sitenote_note":"","_exactmetrics_sitenote_category":0,"footnotes":""},"class_list":["post-2","page","type-page","status-publish","hentry"],"_links":{"self":[{"href":"https:\/\/beatlescover.com.br\/index.php\/wp-json\/wp\/v2\/pages\/2","targetHints":{"allow":["GET"]}}],"collection":[{"href":"https:\/\/beatlescover.com.br\/index.php\/wp-json\/wp\/v2\/pages"}],"about":[{"href":"https:\/\/beatlescover.com.br\/index.php\/wp-json\/wp\/v2\/types\/page"}],"author":[{"embeddable":true,"href":"https:\/\/beatlescover.com.br\/index.php\/wp-json\/wp\/v2\/users\/1"}],"replies":[{"embeddable":true,"href":"https:\/\/beatlescover.com.br\/index.php\/wp-json\/wp\/v2\/comments?post=2"}],"version-history":[{"count":66,"href":"https:\/\/beatlescover.com.br\/index.php\/wp-json\/wp\/v2\/pages\/2\/revisions"}],"predecessor-version":[{"id":9,"href":"https:\/\/beatlescover.com.br\/index.php\/wp-json\/wp\/v2\/pages\/2\/revisions\/9"}],"wp:attachment":[{"href":"https:\/\/beatlescover.com.br\/index.php\/wp-json\/wp\/v2\/media?parent=2"}],"curies":[{"name":"wp","href":"https:\/\/api.w.org\/{rel}","templated":true}]}}