{"id":36,"date":"2019-02-20T17:35:17","date_gmt":"2019-02-20T20:35:17","guid":{"rendered":"http:\/\/beatlescover.com.br\/?page_id=36"},"modified":"2019-02-23T12:03:10","modified_gmt":"2019-02-23T15:03:10","slug":"imprensa","status":"publish","type":"page","link":"https:\/\/beatlescover.com.br\/index.php\/imprensa\/","title":{"rendered":"Imprensa"},"content":{"rendered":"<div class=\"fusion-fullwidth fullwidth-box nonhundred-percent-fullwidth non-hundred-percent-height-scrolling\"  style='background-color: #242424;background-position: center center;background-repeat: no-repeat;padding-top:50px;padding-right:20px;padding-bottom:50px;padding-left:20px;'><div class=\"fusion-builder-row fusion-row \"><div  class=\"fusion-layout-column fusion_builder_column fusion_builder_column_1_1  fusion-one-full fusion-column-first fusion-column-last 1_1\"  style='margin-top:0px;margin-bottom:20px;'>\r\n\t\t\t\t\t<div class=\"fusion-column-wrapper\" style=\"padding: 0px 0px 0px 0px;background-position:left top;background-repeat:no-repeat;-webkit-background-size:cover;-moz-background-size:cover;-o-background-size:cover;background-size:cover;\"   data-bg-url=\"\">\r\n\t\t\t\t\t\t<div class=\"fusion-text\"><h2>IMPRENSA<\/h2>\n<\/div><div class=\"fusion-text\"><p>A Banda Love Me Beatles (Beatles Cover) tem conseguido cada vez mais seu espa\u00e7o na m\u00eddia. Veja algumas mat\u00e9rias divulgadas sobre apresenta\u00e7\u00f5es da Banda:<\/p>\n<\/div><style type=\"text\/css\" scoped=\"scoped\">.fusion-gallery-1 .fusion-gallery-image {border:0px solid #f6f6f6;}<\/style><div class=\"fusion-gallery fusion-gallery-container fusion-grid-3 fusion-columns-total-0 fusion-gallery-layout-masonry fusion-gallery-1\" style=\"margin:-5px;\"><div class=\"fusion-grid-column fusion-gallery-column fusion-gallery-column-3 hover-type-none fusion-grid-sizer\"><\/div><div style=\"padding:5px;\" class=\"fusion-grid-column fusion-gallery-column fusion-gallery-column-3 hover-type-none fusion-element-grid\"><div class=\"fusion-gallery-image\"><a href=\"https:\/\/beatlescover.com.br\/wp-content\/uploads\/2019\/02\/Imprensa_1.jpg\" data-rel=\"iLightbox[gallery_image_1]\" class=\"fusion-lightbox\" target=\"_self\"><div style=\"background-image:url(https:\/\/beatlescover.com.br\/wp-content\/uploads\/2019\/02\/Imprensa_1.jpg);padding-top:calc((100% + 10px) * 0.8 - 5px);\" class=\"fusion-masonry-element-container\"><img loading=\"lazy\" decoding=\"async\" src=\"https:\/\/beatlescover.com.br\/wp-content\/uploads\/2019\/02\/Imprensa_1-400x300.jpg\" width=\"660\" height=\"495\" alt=\"\" title=\"Imprensa_1\" aria-label=\"Imprensa_1\" class=\"img-responsive wp-image-37\" srcset=\"https:\/\/beatlescover.com.br\/wp-content\/uploads\/2019\/02\/Imprensa_1-200x150.jpg 200w, https:\/\/beatlescover.com.br\/wp-content\/uploads\/2019\/02\/Imprensa_1-400x300.jpg 400w, https:\/\/beatlescover.com.br\/wp-content\/uploads\/2019\/02\/Imprensa_1-600x450.jpg 600w, https:\/\/beatlescover.com.br\/wp-content\/uploads\/2019\/02\/Imprensa_1.jpg 660w\" sizes=\"auto, (min-width: 2200px) 100vw, (min-width: 784px) 363px, (min-width: 712px) 545px, (min-width: 640px) 712px, \" \/><\/div><\/a><\/div><\/div><div style=\"padding:5px;\" class=\"fusion-grid-column fusion-gallery-column fusion-gallery-column-3 hover-type-none fusion-element-grid\"><div class=\"fusion-gallery-image\"><a href=\"https:\/\/beatlescover.com.br\/wp-content\/uploads\/2019\/02\/Imprensa_2.jpg\" data-rel=\"iLightbox[gallery_image_1]\" class=\"fusion-lightbox\" target=\"_self\"><div style=\"background-image:url(https:\/\/beatlescover.com.br\/wp-content\/uploads\/2019\/02\/Imprensa_2.jpg);padding-top:calc((100% + 10px) * 0.8 - 5px);\" class=\"fusion-masonry-element-container\"><img loading=\"lazy\" decoding=\"async\" src=\"https:\/\/beatlescover.com.br\/wp-content\/uploads\/2019\/02\/Imprensa_2-400x369.jpg\" width=\"542\" height=\"500\" alt=\"\" title=\"Imprensa_2\" aria-label=\"Imprensa_2\" class=\"img-responsive wp-image-38\" srcset=\"https:\/\/beatlescover.com.br\/wp-content\/uploads\/2019\/02\/Imprensa_2-200x185.jpg 200w, https:\/\/beatlescover.com.br\/wp-content\/uploads\/2019\/02\/Imprensa_2-400x369.jpg 400w, https:\/\/beatlescover.com.br\/wp-content\/uploads\/2019\/02\/Imprensa_2.jpg 542w\" sizes=\"auto, (min-width: 2200px) 100vw, (min-width: 784px) 363px, (min-width: 712px) 545px, (min-width: 640px) 712px, \" \/><\/div><\/a><\/div><\/div><div style=\"padding:5px;\" class=\"fusion-grid-column fusion-gallery-column fusion-gallery-column-3 hover-type-none fusion-element-landscape\"><div class=\"fusion-gallery-image\"><a href=\"https:\/\/beatlescover.com.br\/wp-content\/uploads\/2019\/02\/Imprensa_3.jpg\" data-rel=\"iLightbox[gallery_image_1]\" class=\"fusion-lightbox\" target=\"_self\"><div style=\"background-image:url(https:\/\/beatlescover.com.br\/wp-content\/uploads\/2019\/02\/Imprensa_3.jpg);padding-top:calc((100% + 10px) * 0.4 - 5px);\" class=\"fusion-masonry-element-container\"><img loading=\"lazy\" decoding=\"async\" src=\"https:\/\/beatlescover.com.br\/wp-content\/uploads\/2019\/02\/Imprensa_3.jpg\" width=\"700\" height=\"332\" alt=\"\" title=\"Imprensa_3\" aria-label=\"Imprensa_3\" class=\"img-responsive wp-image-39\" srcset=\"https:\/\/beatlescover.com.br\/wp-content\/uploads\/2019\/02\/Imprensa_3-200x95.jpg 200w, https:\/\/beatlescover.com.br\/wp-content\/uploads\/2019\/02\/Imprensa_3-400x190.jpg 400w, https:\/\/beatlescover.com.br\/wp-content\/uploads\/2019\/02\/Imprensa_3-600x285.jpg 600w, https:\/\/beatlescover.com.br\/wp-content\/uploads\/2019\/02\/Imprensa_3.jpg 700w\" sizes=\"auto, (min-width: 2200px) 100vw, (min-width: 640px) 1100px, \" \/><\/div><\/a><\/div><\/div><div style=\"padding:5px;\" class=\"fusion-grid-column fusion-gallery-column fusion-gallery-column-3 hover-type-none fusion-element-landscape\"><div class=\"fusion-gallery-image\"><a href=\"https:\/\/beatlescover.com.br\/wp-content\/uploads\/2019\/02\/Imprensa_4.jpg\" data-rel=\"iLightbox[gallery_image_1]\" class=\"fusion-lightbox\" target=\"_self\"><div style=\"background-image:url(https:\/\/beatlescover.com.br\/wp-content\/uploads\/2019\/02\/Imprensa_4.jpg);padding-top:calc((100% + 10px) * 0.4 - 5px);\" class=\"fusion-masonry-element-container\"><img loading=\"lazy\" decoding=\"async\" src=\"https:\/\/beatlescover.com.br\/wp-content\/uploads\/2019\/02\/Imprensa_4.jpg\" width=\"952\" height=\"510\" alt=\"\" title=\"Imprensa_4\" aria-label=\"Imprensa_4\" class=\"img-responsive wp-image-40\" srcset=\"https:\/\/beatlescover.com.br\/wp-content\/uploads\/2019\/02\/Imprensa_4-200x107.jpg 200w, https:\/\/beatlescover.com.br\/wp-content\/uploads\/2019\/02\/Imprensa_4-400x214.jpg 400w, https:\/\/beatlescover.com.br\/wp-content\/uploads\/2019\/02\/Imprensa_4-600x321.jpg 600w, https:\/\/beatlescover.com.br\/wp-content\/uploads\/2019\/02\/Imprensa_4-800x429.jpg 800w, https:\/\/beatlescover.com.br\/wp-content\/uploads\/2019\/02\/Imprensa_4.jpg 952w\" sizes=\"auto, (min-width: 2200px) 100vw, (min-width: 640px) 1100px, \" \/><\/div><\/a><\/div><\/div><div style=\"padding:5px;\" class=\"fusion-grid-column fusion-gallery-column fusion-gallery-column-3 hover-type-none fusion-element-grid\"><div class=\"fusion-gallery-image\"><a href=\"https:\/\/beatlescover.com.br\/wp-content\/uploads\/2019\/02\/Imprensa_5.jpg\" data-rel=\"iLightbox[gallery_image_1]\" class=\"fusion-lightbox\" target=\"_self\"><div style=\"background-image:url(https:\/\/beatlescover.com.br\/wp-content\/uploads\/2019\/02\/Imprensa_5.jpg);padding-top:calc((100% + 10px) * 0.8 - 5px);\" class=\"fusion-masonry-element-container\"><img loading=\"lazy\" decoding=\"async\" src=\"https:\/\/beatlescover.com.br\/wp-content\/uploads\/2019\/02\/Imprensa_5-400x321.jpg\" width=\"723\" height=\"580\" alt=\"\" title=\"Imprensa_5\" aria-label=\"Imprensa_5\" class=\"img-responsive wp-image-41\" srcset=\"https:\/\/beatlescover.com.br\/wp-content\/uploads\/2019\/02\/Imprensa_5-200x160.jpg 200w, https:\/\/beatlescover.com.br\/wp-content\/uploads\/2019\/02\/Imprensa_5-400x321.jpg 400w, https:\/\/beatlescover.com.br\/wp-content\/uploads\/2019\/02\/Imprensa_5-600x481.jpg 600w, https:\/\/beatlescover.com.br\/wp-content\/uploads\/2019\/02\/Imprensa_5.jpg 723w\" sizes=\"auto, (min-width: 2200px) 100vw, (min-width: 784px) 363px, (min-width: 712px) 545px, (min-width: 640px) 712px, \" \/><\/div><\/a><\/div><\/div><div style=\"padding:5px;\" class=\"fusion-grid-column fusion-gallery-column fusion-gallery-column-3 hover-type-none fusion-element-grid\"><div class=\"fusion-gallery-image\"><a href=\"https:\/\/beatlescover.com.br\/wp-content\/uploads\/2019\/02\/Imprensa_6.jpg\" data-rel=\"iLightbox[gallery_image_1]\" class=\"fusion-lightbox\" target=\"_self\"><div style=\"background-image:url(https:\/\/beatlescover.com.br\/wp-content\/uploads\/2019\/02\/Imprensa_6.jpg);padding-top:calc((100% + 10px) * 0.8 - 5px);\" class=\"fusion-masonry-element-container\"><img loading=\"lazy\" decoding=\"async\" src=\"https:\/\/beatlescover.com.br\/wp-content\/uploads\/2019\/02\/Imprensa_6-400x459.jpg\" width=\"519\" height=\"595\" alt=\"\" title=\"Imprensa_6\" aria-label=\"Imprensa_6\" class=\"img-responsive wp-image-42\" srcset=\"https:\/\/beatlescover.com.br\/wp-content\/uploads\/2019\/02\/Imprensa_6-200x229.jpg 200w, https:\/\/beatlescover.com.br\/wp-content\/uploads\/2019\/02\/Imprensa_6-400x459.jpg 400w, https:\/\/beatlescover.com.br\/wp-content\/uploads\/2019\/02\/Imprensa_6.jpg 519w\" sizes=\"auto, (min-width: 2200px) 100vw, (min-width: 784px) 363px, (min-width: 712px) 545px, (min-width: 640px) 712px, \" \/><\/div><\/a><\/div><\/div><div style=\"padding:5px;\" class=\"fusion-grid-column fusion-gallery-column fusion-gallery-column-3 hover-type-none fusion-element-grid\"><div class=\"fusion-gallery-image\"><a href=\"https:\/\/beatlescover.com.br\/wp-content\/uploads\/2019\/02\/Imprensa_7.jpg\" data-rel=\"iLightbox[gallery_image_1]\" class=\"fusion-lightbox\" target=\"_self\"><div style=\"background-image:url(https:\/\/beatlescover.com.br\/wp-content\/uploads\/2019\/02\/Imprensa_7.jpg);padding-top:calc((100% + 10px) * 0.8 - 5px);\" class=\"fusion-masonry-element-container\"><img loading=\"lazy\" decoding=\"async\" src=\"https:\/\/beatlescover.com.br\/wp-content\/uploads\/2019\/02\/Imprensa_7-400x408.jpg\" width=\"437\" height=\"446\" alt=\"\" title=\"Imprensa_7\" aria-label=\"Imprensa_7\" class=\"img-responsive wp-image-43\" srcset=\"https:\/\/beatlescover.com.br\/wp-content\/uploads\/2019\/02\/Imprensa_7-200x204.jpg 200w, https:\/\/beatlescover.com.br\/wp-content\/uploads\/2019\/02\/Imprensa_7-400x408.jpg 400w, https:\/\/beatlescover.com.br\/wp-content\/uploads\/2019\/02\/Imprensa_7.jpg 437w\" sizes=\"auto, (min-width: 2200px) 100vw, (min-width: 784px) 363px, (min-width: 712px) 545px, (min-width: 640px) 712px, \" \/><\/div><\/a><\/div><\/div><div style=\"padding:5px;\" class=\"fusion-grid-column fusion-gallery-column fusion-gallery-column-3 hover-type-none fusion-element-landscape\"><div class=\"fusion-gallery-image\"><a href=\"https:\/\/beatlescover.com.br\/wp-content\/uploads\/2019\/02\/Imprensa_8.jpg\" data-rel=\"iLightbox[gallery_image_1]\" class=\"fusion-lightbox\" target=\"_self\"><div style=\"background-image:url(https:\/\/beatlescover.com.br\/wp-content\/uploads\/2019\/02\/Imprensa_8.jpg);padding-top:calc((100% + 10px) * 0.4 - 5px);\" class=\"fusion-masonry-element-container\"><img loading=\"lazy\" decoding=\"async\" src=\"https:\/\/beatlescover.com.br\/wp-content\/uploads\/2019\/02\/Imprensa_8.jpg\" width=\"697\" height=\"457\" alt=\"\" title=\"Imprensa_8\" aria-label=\"Imprensa_8\" class=\"img-responsive wp-image-44\" srcset=\"https:\/\/beatlescover.com.br\/wp-content\/uploads\/2019\/02\/Imprensa_8-200x131.jpg 200w, https:\/\/beatlescover.com.br\/wp-content\/uploads\/2019\/02\/Imprensa_8-400x262.jpg 400w, https:\/\/beatlescover.com.br\/wp-content\/uploads\/2019\/02\/Imprensa_8-600x393.jpg 600w, https:\/\/beatlescover.com.br\/wp-content\/uploads\/2019\/02\/Imprensa_8.jpg 697w\" sizes=\"auto, (min-width: 2200px) 100vw, (min-width: 640px) 1100px, \" \/><\/div><\/a><\/div><\/div><div style=\"padding:5px;\" class=\"fusion-grid-column fusion-gallery-column fusion-gallery-column-3 hover-type-none fusion-element-grid\"><div class=\"fusion-gallery-image\"><a href=\"https:\/\/beatlescover.com.br\/wp-content\/uploads\/2019\/02\/Imprensa_9.jpg\" data-rel=\"iLightbox[gallery_image_1]\" class=\"fusion-lightbox\" target=\"_self\"><div style=\"background-image:url(https:\/\/beatlescover.com.br\/wp-content\/uploads\/2019\/02\/Imprensa_9.jpg);padding-top:calc((100% + 10px) * 0.8 - 5px);\" class=\"fusion-masonry-element-container\"><img loading=\"lazy\" decoding=\"async\" src=\"https:\/\/beatlescover.com.br\/wp-content\/uploads\/2019\/02\/Imprensa_9-400x480.jpg\" width=\"497\" height=\"597\" alt=\"\" title=\"Imprensa_9\" aria-label=\"Imprensa_9\" class=\"img-responsive wp-image-45\" srcset=\"https:\/\/beatlescover.com.br\/wp-content\/uploads\/2019\/02\/Imprensa_9-200x240.jpg 200w, https:\/\/beatlescover.com.br\/wp-content\/uploads\/2019\/02\/Imprensa_9-400x480.jpg 400w, https:\/\/beatlescover.com.br\/wp-content\/uploads\/2019\/02\/Imprensa_9.jpg 497w\" sizes=\"auto, (min-width: 2200px) 100vw, (min-width: 784px) 363px, (min-width: 712px) 545px, (min-width: 640px) 712px, \" \/><\/div><\/a><\/div><\/div><\/div><div class=\"fusion-clearfix\"><\/div>\r\n\r\n\t\t\t\t\t<\/div>\r\n\t\t\t\t<\/div><\/div><\/div>\n","protected":false},"excerpt":{"rendered":"","protected":false},"author":1,"featured_media":0,"parent":0,"menu_order":0,"comment_status":"closed","ping_status":"closed","template":"","meta":{"_exactmetrics_skip_tracking":false,"_exactmetrics_sitenote_active":false,"_exactmetrics_sitenote_note":"","_exactmetrics_sitenote_category":0,"footnotes":""},"class_list":["post-36","page","type-page","status-publish","hentry"],"_links":{"self":[{"href":"https:\/\/beatlescover.com.br\/index.php\/wp-json\/wp\/v2\/pages\/36","targetHints":{"allow":["GET"]}}],"collection":[{"href":"https:\/\/beatlescover.com.br\/index.php\/wp-json\/wp\/v2\/pages"}],"about":[{"href":"https:\/\/beatlescover.com.br\/index.php\/wp-json\/wp\/v2\/types\/page"}],"author":[{"embeddable":true,"href":"https:\/\/beatlescover.com.br\/index.php\/wp-json\/wp\/v2\/users\/1"}],"replies":[{"embeddable":true,"href":"https:\/\/beatlescover.com.br\/index.php\/wp-json\/wp\/v2\/comments?post=36"}],"version-history":[{"count":2,"href":"https:\/\/beatlescover.com.br\/index.php\/wp-json\/wp\/v2\/pages\/36\/revisions"}],"predecessor-version":[{"id":56,"href":"https:\/\/beatlescover.com.br\/index.php\/wp-json\/wp\/v2\/pages\/36\/revisions\/56"}],"wp:attachment":[{"href":"https:\/\/beatlescover.com.br\/index.php\/wp-json\/wp\/v2\/media?parent=36"}],"curies":[{"name":"wp","href":"https:\/\/api.w.org\/{rel}","templated":true}]}}