{"id":66,"date":"2019-02-23T13:55:18","date_gmt":"2019-02-23T16:55:18","guid":{"rendered":"http:\/\/beatlescover.com.br\/?page_id=66"},"modified":"2023-01-31T03:26:20","modified_gmt":"2023-01-31T06:26:20","slug":"galeria-de-fotos","status":"publish","type":"page","link":"https:\/\/beatlescover.com.br\/index.php\/galeria-de-fotos\/","title":{"rendered":"Galeria de Fotos"},"content":{"rendered":"<p><div class=\"fusion-fullwidth fullwidth-box nonhundred-percent-fullwidth non-hundred-percent-height-scrolling\"  style='background-color: #242424;background-position: center center;background-repeat: no-repeat;padding-top:50px;padding-right:20px;padding-bottom:50px;padding-left:20px;'><div class=\"fusion-builder-row fusion-row \"><div  class=\"fusion-layout-column fusion_builder_column fusion_builder_column_1_1  fusion-one-full fusion-column-first fusion-column-last 1_1\"  style='margin-top:0px;margin-bottom:20px;'>\r\n\t\t\t\t\t<div class=\"fusion-column-wrapper\" style=\"padding: 0px 0px 0px 0px;background-position:left top;background-repeat:no-repeat;-webkit-background-size:cover;-moz-background-size:cover;-o-background-size:cover;background-size:cover;\"   data-bg-url=\"\">\r\n\t\t\t\t\t\t<div class=\"fusion-text\"><h2>GALERIA DE FOTOS<\/h2>\n<\/div><style type=\"text\/css\" scoped=\"scoped\">.fusion-gallery-1 .fusion-gallery-image {border:0px solid #f6f6f6;}<\/style><div class=\"fusion-gallery fusion-gallery-container fusion-grid-6 fusion-columns-total-0 fusion-gallery-layout-grid fusion-gallery-1\" style=\"margin:0px;\"><div style=\"padding:0px;\" class=\"fusion-grid-column fusion-gallery-column fusion-gallery-column-6 hover-type-zoomin\"><div class=\"fusion-gallery-image\"><a href=\"https:\/\/beatlescover.com.br\/wp-content\/uploads\/2021\/08\/WhatsApp-Image-2021-08-22-at-17.27.25.jpeg\" data-rel=\"iLightbox[gallery_image_1]\" class=\"fusion-lightbox\" target=\"_self\"><img loading=\"lazy\" decoding=\"async\" src=\"https:\/\/beatlescover.com.br\/wp-content\/uploads\/2021\/08\/WhatsApp-Image-2021-08-22-at-17.27.25-320x202.jpeg\" width=\"320\" height=\"202\" alt=\"\" title=\"WhatsApp Image 2021-08-22 at 17.27.25\" aria-label=\"WhatsApp Image 2021-08-22 at 17.27.25\" class=\"img-responsive wp-image-180\" \/><\/a><\/div><\/div><div style=\"padding:0px;\" class=\"fusion-grid-column fusion-gallery-column fusion-gallery-column-6 hover-type-zoomin\"><div class=\"fusion-gallery-image\"><a href=\"https:\/\/beatlescover.com.br\/wp-content\/uploads\/2021\/08\/WhatsApp-Image-2021-08-22-at-17.27.27-1.jpeg\" data-rel=\"iLightbox[gallery_image_1]\" class=\"fusion-lightbox\" target=\"_self\"><img loading=\"lazy\" decoding=\"async\" src=\"https:\/\/beatlescover.com.br\/wp-content\/uploads\/2021\/08\/WhatsApp-Image-2021-08-22-at-17.27.27-1-320x202.jpeg\" width=\"320\" height=\"202\" alt=\"\" title=\"WhatsApp Image 2021-08-22 at 17.27.27\" aria-label=\"WhatsApp Image 2021-08-22 at 17.27.27\" class=\"img-responsive wp-image-181\" srcset=\"https:\/\/beatlescover.com.br\/wp-content\/uploads\/2021\/08\/WhatsApp-Image-2021-08-22-at-17.27.27-1-320x202.jpeg 320w, https:\/\/beatlescover.com.br\/wp-content\/uploads\/2021\/08\/WhatsApp-Image-2021-08-22-at-17.27.27-1-700x441.jpeg 700w\" sizes=\"auto, (max-width: 320px) 100vw, 320px\" \/><\/a><\/div><\/div><div style=\"padding:0px;\" class=\"fusion-grid-column fusion-gallery-column fusion-gallery-column-6 hover-type-zoomin\"><div class=\"fusion-gallery-image\"><a href=\"https:\/\/beatlescover.com.br\/wp-content\/uploads\/2021\/08\/WhatsApp-Image-2021-08-22-at-17.27.26-1.jpeg\" data-rel=\"iLightbox[gallery_image_1]\" class=\"fusion-lightbox\" target=\"_self\"><img loading=\"lazy\" decoding=\"async\" src=\"https:\/\/beatlescover.com.br\/wp-content\/uploads\/2021\/08\/WhatsApp-Image-2021-08-22-at-17.27.26-1-320x202.jpeg\" width=\"320\" height=\"202\" alt=\"\" title=\"WhatsApp Image 2021-08-22 at 17.27.26\" aria-label=\"WhatsApp Image 2021-08-22 at 17.27.26\" class=\"img-responsive wp-image-182\" \/><\/a><\/div><\/div><div style=\"padding:0px;\" class=\"fusion-grid-column fusion-gallery-column fusion-gallery-column-6 hover-type-zoomin\"><div class=\"fusion-gallery-image\"><a href=\"https:\/\/beatlescover.com.br\/wp-content\/uploads\/2021\/08\/WhatsApp-Image-2021-08-22-at-17.27.26-1-1.jpeg\" data-rel=\"iLightbox[gallery_image_1]\" class=\"fusion-lightbox\" target=\"_self\"><img loading=\"lazy\" decoding=\"async\" src=\"https:\/\/beatlescover.com.br\/wp-content\/uploads\/2021\/08\/WhatsApp-Image-2021-08-22-at-17.27.26-1-1-320x202.jpeg\" width=\"320\" height=\"202\" alt=\"\" title=\"WhatsApp Image 2021-08-22 at 17.27.26 (1)\" aria-label=\"WhatsApp Image 2021-08-22 at 17.27.26 (1)\" class=\"img-responsive wp-image-183\" srcset=\"https:\/\/beatlescover.com.br\/wp-content\/uploads\/2021\/08\/WhatsApp-Image-2021-08-22-at-17.27.26-1-1-320x202.jpeg 320w, https:\/\/beatlescover.com.br\/wp-content\/uploads\/2021\/08\/WhatsApp-Image-2021-08-22-at-17.27.26-1-1-700x441.jpeg 700w\" sizes=\"auto, (max-width: 320px) 100vw, 320px\" \/><\/a><\/div><\/div><div style=\"padding:0px;\" class=\"fusion-grid-column fusion-gallery-column fusion-gallery-column-6 hover-type-zoomin\"><div class=\"fusion-gallery-image\"><a href=\"https:\/\/beatlescover.com.br\/wp-content\/uploads\/2021\/08\/WhatsApp-Image-2021-08-22-at-18.51.40.jpeg\" data-rel=\"iLightbox[gallery_image_1]\" class=\"fusion-lightbox\" target=\"_self\"><img loading=\"lazy\" decoding=\"async\" src=\"https:\/\/beatlescover.com.br\/wp-content\/uploads\/2021\/08\/WhatsApp-Image-2021-08-22-at-18.51.40-320x202.jpeg\" width=\"320\" height=\"202\" alt=\"\" title=\"WhatsApp Image 2021-08-22 at 18.51.40\" aria-label=\"WhatsApp Image 2021-08-22 at 18.51.40\" class=\"img-responsive wp-image-184\" srcset=\"https:\/\/beatlescover.com.br\/wp-content\/uploads\/2021\/08\/WhatsApp-Image-2021-08-22-at-18.51.40-320x202.jpeg 320w, https:\/\/beatlescover.com.br\/wp-content\/uploads\/2021\/08\/WhatsApp-Image-2021-08-22-at-18.51.40-700x441.jpeg 700w\" sizes=\"auto, (max-width: 320px) 100vw, 320px\" \/><\/a><\/div><\/div><div style=\"padding:0px;\" class=\"fusion-grid-column fusion-gallery-column fusion-gallery-column-6 hover-type-zoomin\"><div class=\"fusion-gallery-image\"><a href=\"https:\/\/beatlescover.com.br\/wp-content\/uploads\/2021\/08\/WhatsApp-Image-2021-08-22-at-17.27.27-2.jpeg\" data-rel=\"iLightbox[gallery_image_1]\" class=\"fusion-lightbox\" target=\"_self\"><img loading=\"lazy\" decoding=\"async\" src=\"https:\/\/beatlescover.com.br\/wp-content\/uploads\/2021\/08\/WhatsApp-Image-2021-08-22-at-17.27.27-2-320x202.jpeg\" width=\"320\" height=\"202\" alt=\"\" title=\"WhatsApp Image 2021-08-22 at 17.27.27 (2)\" aria-label=\"WhatsApp Image 2021-08-22 at 17.27.27 (2)\" class=\"img-responsive wp-image-185\" srcset=\"https:\/\/beatlescover.com.br\/wp-content\/uploads\/2021\/08\/WhatsApp-Image-2021-08-22-at-17.27.27-2-320x202.jpeg 320w, https:\/\/beatlescover.com.br\/wp-content\/uploads\/2021\/08\/WhatsApp-Image-2021-08-22-at-17.27.27-2-700x441.jpeg 700w\" sizes=\"auto, (max-width: 320px) 100vw, 320px\" \/><\/a><\/div><\/div><div class=\"clearfix\"><\/div><div style=\"padding:0px;\" class=\"fusion-grid-column fusion-gallery-column fusion-gallery-column-6 hover-type-zoomin\"><div class=\"fusion-gallery-image\"><a href=\"https:\/\/beatlescover.com.br\/wp-content\/uploads\/2019\/02\/BC_02.jpg\" data-rel=\"iLightbox[gallery_image_1]\" class=\"fusion-lightbox\" target=\"_self\"><img loading=\"lazy\" decoding=\"async\" src=\"https:\/\/beatlescover.com.br\/wp-content\/uploads\/2019\/02\/BC_02-320x202.jpg\" width=\"320\" height=\"202\" alt=\"\" title=\"BC_02\" aria-label=\"BC_02\" class=\"img-responsive wp-image-74\" srcset=\"https:\/\/beatlescover.com.br\/wp-content\/uploads\/2019\/02\/BC_02-320x202.jpg 320w, https:\/\/beatlescover.com.br\/wp-content\/uploads\/2019\/02\/BC_02-700x441.jpg 700w\" sizes=\"auto, (max-width: 320px) 100vw, 320px\" \/><\/a><\/div><\/div><div style=\"padding:0px;\" class=\"fusion-grid-column fusion-gallery-column fusion-gallery-column-6 hover-type-zoomin\"><div class=\"fusion-gallery-image\"><a href=\"https:\/\/beatlescover.com.br\/wp-content\/uploads\/2019\/02\/Mauro-Tagliaferri-Mariana-Godoy-e-Eike-Batista.jpg\" data-rel=\"iLightbox[gallery_image_1]\" class=\"fusion-lightbox\" target=\"_self\"><img loading=\"lazy\" decoding=\"async\" src=\"https:\/\/beatlescover.com.br\/wp-content\/uploads\/2019\/02\/Mauro-Tagliaferri-Mariana-Godoy-e-Eike-Batista-320x202.jpg\" width=\"320\" height=\"202\" alt=\"\" title=\"Mauro Tagliaferri, Mariana Godoy e Eike Batista\" aria-label=\"Mauro Tagliaferri, Mariana Godoy e Eike Batista\" class=\"img-responsive wp-image-121\" \/><\/a><\/div><\/div><div style=\"padding:0px;\" class=\"fusion-grid-column fusion-gallery-column fusion-gallery-column-6 hover-type-zoomin\"><div class=\"fusion-gallery-image\"><a href=\"https:\/\/beatlescover.com.br\/wp-content\/uploads\/2019\/02\/BC_03.jpg\" data-rel=\"iLightbox[gallery_image_1]\" class=\"fusion-lightbox\" target=\"_self\"><img loading=\"lazy\" decoding=\"async\" src=\"https:\/\/beatlescover.com.br\/wp-content\/uploads\/2019\/02\/BC_03-320x202.jpg\" width=\"320\" height=\"202\" alt=\"\" title=\"BC_03\" aria-label=\"BC_03\" class=\"img-responsive wp-image-75\" \/><\/a><\/div><\/div><div style=\"padding:0px;\" class=\"fusion-grid-column fusion-gallery-column fusion-gallery-column-6 hover-type-zoomin\"><div class=\"fusion-gallery-image\"><a href=\"https:\/\/beatlescover.com.br\/wp-content\/uploads\/2019\/02\/BC_21.jpg\" data-rel=\"iLightbox[gallery_image_1]\" class=\"fusion-lightbox\" target=\"_self\"><img loading=\"lazy\" decoding=\"async\" src=\"https:\/\/beatlescover.com.br\/wp-content\/uploads\/2019\/02\/BC_21-320x202.jpg\" width=\"320\" height=\"202\" alt=\"\" title=\"BC_21\" aria-label=\"BC_21\" class=\"img-responsive wp-image-93\" srcset=\"https:\/\/beatlescover.com.br\/wp-content\/uploads\/2019\/02\/BC_21-320x202.jpg 320w, https:\/\/beatlescover.com.br\/wp-content\/uploads\/2019\/02\/BC_21-700x441.jpg 700w\" sizes=\"auto, (max-width: 320px) 100vw, 320px\" \/><\/a><\/div><\/div><div style=\"padding:0px;\" class=\"fusion-grid-column fusion-gallery-column fusion-gallery-column-6 hover-type-zoomin\"><div class=\"fusion-gallery-image\"><a href=\"https:\/\/beatlescover.com.br\/wp-content\/uploads\/2023\/01\/bb4de588-c9b9-4c31-bd9e-c7bdc6111145.jpg\" data-rel=\"iLightbox[gallery_image_1]\" class=\"fusion-lightbox\" target=\"_self\"><img loading=\"lazy\" decoding=\"async\" src=\"https:\/\/beatlescover.com.br\/wp-content\/uploads\/2023\/01\/bb4de588-c9b9-4c31-bd9e-c7bdc6111145-320x202.jpg\" width=\"320\" height=\"202\" alt=\"\" title=\"bb4de588-c9b9-4c31-bd9e-c7bdc6111145\" aria-label=\"bb4de588-c9b9-4c31-bd9e-c7bdc6111145\" class=\"img-responsive wp-image-215\" \/><\/a><\/div><\/div><\/div><div class=\"fusion-clearfix\"><\/div>\r\n\r\n\t\t\t\t\t<\/div>\r\n\t\t\t\t<\/div><\/div><\/div><div class=\"fusion-fullwidth fullwidth-box nonhundred-percent-fullwidth non-hundred-percent-height-scrolling\"  style='background-color: #242424;background-position: center center;background-repeat: no-repeat;padding-top:50px;padding-right:20px;padding-bottom:50px;padding-left:20px;'><div class=\"fusion-builder-row fusion-row \"><div  class=\"fusion-layout-column fusion_builder_column fusion_builder_column_1_1  fusion-one-full fusion-column-first fusion-column-last 1_1\"  style='margin-top:0px;margin-bottom:20px;'>\r\n\t\t\t\t\t<div class=\"fusion-column-wrapper\" style=\"padding: 0px 0px 0px 0px;background-position:left top;background-repeat:no-repeat;-webkit-background-size:cover;-moz-background-size:cover;-o-background-size:cover;background-size:cover;\"   data-bg-url=\"\">\r\n\t\t\t\t\t\t<div class=\"fusion-text\"><h2><strong>PERSONALIDADES<\/strong><\/h2>\n<\/div><style type=\"text\/css\" scoped=\"scoped\">.fusion-gallery-2 .fusion-gallery-image {border:0px solid #f6f6f6;}<\/style><div class=\"fusion-gallery fusion-gallery-container fusion-grid-3 fusion-columns-total-0 fusion-gallery-layout-masonry fusion-gallery-2\" style=\"margin:0px;\"><div class=\"fusion-grid-column fusion-gallery-column fusion-gallery-column-3 hover-type-none fusion-grid-sizer\"><\/div><div style=\"padding:0px;\" class=\"fusion-grid-column fusion-gallery-column fusion-gallery-column-3 hover-type-none fusion-element-grid\"><div class=\"fusion-gallery-image\"><a href=\"https:\/\/beatlescover.com.br\/wp-content\/uploads\/2019\/02\/Bruno-da-dupla-Bruno-e-Marrone.jpg\" data-title=\"Bruno da dupla Bruno e Marrone\" title=\"Bruno da dupla Bruno e Marrone\" data-rel=\"iLightbox[gallery_image_2]\" class=\"fusion-lightbox\" target=\"_self\"><div style=\"background-image:url(https:\/\/beatlescover.com.br\/wp-content\/uploads\/2019\/02\/Bruno-da-dupla-Bruno-e-Marrone.jpg);padding-top:calc((100% + 0px) * 0.8 - 0px);\" class=\"fusion-masonry-element-container\"><img loading=\"lazy\" decoding=\"async\" src=\"https:\/\/beatlescover.com.br\/wp-content\/uploads\/2019\/02\/Bruno-da-dupla-Bruno-e-Marrone-400x300.jpg\" width=\"533\" height=\"400\" alt=\"\" title=\"Bruno da dupla Bruno e Marrone\" aria-label=\"Bruno da dupla Bruno e Marrone\" class=\"img-responsive wp-image-115\" srcset=\"https:\/\/beatlescover.com.br\/wp-content\/uploads\/2019\/02\/Bruno-da-dupla-Bruno-e-Marrone-200x150.jpg 200w, https:\/\/beatlescover.com.br\/wp-content\/uploads\/2019\/02\/Bruno-da-dupla-Bruno-e-Marrone-400x300.jpg 400w, https:\/\/beatlescover.com.br\/wp-content\/uploads\/2019\/02\/Bruno-da-dupla-Bruno-e-Marrone.jpg 533w\" sizes=\"auto, (min-width: 2200px) 100vw, (min-width: 784px) 367px, (min-width: 712px) 550px, (min-width: 640px) 712px, \" \/><\/div><\/a><\/div><\/div><div style=\"padding:0px;\" class=\"fusion-grid-column fusion-gallery-column fusion-gallery-column-3 hover-type-none fusion-element-grid\"><div class=\"fusion-gallery-image\"><a href=\"https:\/\/beatlescover.com.br\/wp-content\/uploads\/2019\/02\/Grupo-Bandeirantes-de-Comunicacao-Vale-do-Paraiba.jpg\" data-title=\"Grupo Bandeirantes de Comunica\u00e7\u00e3o Vale do Para\u00edba\" title=\"Grupo Bandeirantes de Comunica\u00e7\u00e3o Vale do Para\u00edba\" data-rel=\"iLightbox[gallery_image_2]\" class=\"fusion-lightbox\" target=\"_self\"><div style=\"background-image:url(https:\/\/beatlescover.com.br\/wp-content\/uploads\/2019\/02\/Grupo-Bandeirantes-de-Comunicacao-Vale-do-Paraiba.jpg);padding-top:calc((100% + 0px) * 0.8 - 0px);\" class=\"fusion-masonry-element-container\"><img loading=\"lazy\" decoding=\"async\" src=\"https:\/\/beatlescover.com.br\/wp-content\/uploads\/2019\/02\/Grupo-Bandeirantes-de-Comunicacao-Vale-do-Paraiba-400x284.jpg\" width=\"564\" height=\"400\" alt=\"\" title=\"Grupo Bandeirantes de Comunica\u00e7\u00e3o Vale do Para\u00edba\" aria-label=\"Grupo Bandeirantes de Comunica\u00e7\u00e3o Vale do Para\u00edba\" class=\"img-responsive wp-image-116\" srcset=\"https:\/\/beatlescover.com.br\/wp-content\/uploads\/2019\/02\/Grupo-Bandeirantes-de-Comunicacao-Vale-do-Paraiba-200x142.jpg 200w, https:\/\/beatlescover.com.br\/wp-content\/uploads\/2019\/02\/Grupo-Bandeirantes-de-Comunicacao-Vale-do-Paraiba-400x284.jpg 400w, https:\/\/beatlescover.com.br\/wp-content\/uploads\/2019\/02\/Grupo-Bandeirantes-de-Comunicacao-Vale-do-Paraiba.jpg 564w\" sizes=\"auto, (min-width: 2200px) 100vw, (min-width: 784px) 367px, (min-width: 712px) 550px, (min-width: 640px) 712px, \" \/><\/div><\/a><\/div><\/div><div style=\"padding:0px;\" class=\"fusion-grid-column fusion-gallery-column fusion-gallery-column-3 hover-type-none fusion-element-grid\"><div class=\"fusion-gallery-image\"><a href=\"https:\/\/beatlescover.com.br\/wp-content\/uploads\/2019\/02\/Luciana-Gimenez.jpg\" data-title=\"Luciana Gimenez\" title=\"Luciana Gimenez\" data-rel=\"iLightbox[gallery_image_2]\" class=\"fusion-lightbox\" target=\"_self\"><div style=\"background-image:url(https:\/\/beatlescover.com.br\/wp-content\/uploads\/2019\/02\/Luciana-Gimenez.jpg);padding-top:calc((100% + 0px) * 0.8 - 0px);\" class=\"fusion-masonry-element-container\"><img loading=\"lazy\" decoding=\"async\" src=\"https:\/\/beatlescover.com.br\/wp-content\/uploads\/2019\/02\/Luciana-Gimenez-400x300.jpg\" width=\"533\" height=\"400\" alt=\"\" title=\"Luciana Gimenez\" aria-label=\"Luciana Gimenez\" class=\"img-responsive wp-image-117\" srcset=\"https:\/\/beatlescover.com.br\/wp-content\/uploads\/2019\/02\/Luciana-Gimenez-200x150.jpg 200w, https:\/\/beatlescover.com.br\/wp-content\/uploads\/2019\/02\/Luciana-Gimenez-400x300.jpg 400w, https:\/\/beatlescover.com.br\/wp-content\/uploads\/2019\/02\/Luciana-Gimenez.jpg 533w\" sizes=\"auto, (min-width: 2200px) 100vw, (min-width: 784px) 367px, (min-width: 712px) 550px, (min-width: 640px) 712px, \" \/><\/div><\/a><\/div><\/div><div style=\"padding:0px;\" class=\"fusion-grid-column fusion-gallery-column fusion-gallery-column-3 hover-type-none fusion-element-grid\"><div class=\"fusion-gallery-image\"><a href=\"https:\/\/beatlescover.com.br\/wp-content\/uploads\/2019\/02\/Luciana-Gimenez-e-Otavio-Mesquita.jpg\" data-title=\"Luciana Gimenez e Otavio Mesquita\" title=\"Luciana Gimenez e Otavio Mesquita\" data-rel=\"iLightbox[gallery_image_2]\" class=\"fusion-lightbox\" target=\"_self\"><div style=\"background-image:url(https:\/\/beatlescover.com.br\/wp-content\/uploads\/2019\/02\/Luciana-Gimenez-e-Otavio-Mesquita.jpg);padding-top:calc((100% + 0px) * 0.8 - 0px);\" class=\"fusion-masonry-element-container\"><img loading=\"lazy\" decoding=\"async\" src=\"https:\/\/beatlescover.com.br\/wp-content\/uploads\/2019\/02\/Luciana-Gimenez-e-Otavio-Mesquita-400x300.jpg\" width=\"533\" height=\"400\" alt=\"\" title=\"Luciana Gimenez e Otavio Mesquita\" aria-label=\"Luciana Gimenez e Otavio Mesquita\" class=\"img-responsive wp-image-118\" srcset=\"https:\/\/beatlescover.com.br\/wp-content\/uploads\/2019\/02\/Luciana-Gimenez-e-Otavio-Mesquita-200x150.jpg 200w, https:\/\/beatlescover.com.br\/wp-content\/uploads\/2019\/02\/Luciana-Gimenez-e-Otavio-Mesquita-400x300.jpg 400w, https:\/\/beatlescover.com.br\/wp-content\/uploads\/2019\/02\/Luciana-Gimenez-e-Otavio-Mesquita.jpg 533w\" sizes=\"auto, (min-width: 2200px) 100vw, (min-width: 784px) 367px, (min-width: 712px) 550px, (min-width: 640px) 712px, \" \/><\/div><\/a><\/div><\/div><div style=\"padding:0px;\" class=\"fusion-grid-column fusion-gallery-column fusion-gallery-column-3 hover-type-none fusion-element-portrait\"><div class=\"fusion-gallery-image\"><a href=\"https:\/\/beatlescover.com.br\/wp-content\/uploads\/2019\/02\/Luciano-Faccioli.jpg\" data-title=\"Luciano Faccioli\" title=\"Luciano Faccioli\" data-rel=\"iLightbox[gallery_image_2]\" class=\"fusion-lightbox\" target=\"_self\"><div style=\"background-image:url(https:\/\/beatlescover.com.br\/wp-content\/uploads\/2019\/02\/Luciano-Faccioli.jpg);padding-top:calc((100% + 0px) * 1.6);\" class=\"fusion-masonry-element-container\"><img loading=\"lazy\" decoding=\"async\" src=\"https:\/\/beatlescover.com.br\/wp-content\/uploads\/2019\/02\/Luciano-Faccioli.jpg\" width=\"261\" height=\"400\" alt=\"\" title=\"Luciano Faccioli\" aria-label=\"Luciano Faccioli\" class=\"img-responsive wp-image-119\" srcset=\"https:\/\/beatlescover.com.br\/wp-content\/uploads\/2019\/02\/Luciano-Faccioli-200x307.jpg 200w, https:\/\/beatlescover.com.br\/wp-content\/uploads\/2019\/02\/Luciano-Faccioli.jpg 261w\" sizes=\"auto, (min-width: 2200px) 100vw, (min-width: 784px) 367px, (min-width: 712px) 550px, (min-width: 640px) 712px, \" \/><\/div><\/a><\/div><\/div><div style=\"padding:0px;\" class=\"fusion-grid-column fusion-gallery-column fusion-gallery-column-3 hover-type-none fusion-element-grid\"><div class=\"fusion-gallery-image\"><a href=\"https:\/\/beatlescover.com.br\/wp-content\/uploads\/2019\/02\/Mariana-Godoy-e-Eike-Batista.jpg\" data-title=\"Mariana Godoy e Eike Batista\" title=\"Mariana Godoy e Eike Batista\" data-rel=\"iLightbox[gallery_image_2]\" class=\"fusion-lightbox\" target=\"_self\"><div style=\"background-image:url(https:\/\/beatlescover.com.br\/wp-content\/uploads\/2019\/02\/Mariana-Godoy-e-Eike-Batista.jpg);padding-top:calc((100% + 0px) * 0.8 - 0px);\" class=\"fusion-masonry-element-container\"><img loading=\"lazy\" decoding=\"async\" src=\"https:\/\/beatlescover.com.br\/wp-content\/uploads\/2019\/02\/Mariana-Godoy-e-Eike-Batista-400x276.jpg\" width=\"435\" height=\"300\" alt=\"\" title=\"Mariana Godoy e Eike Batista\" aria-label=\"Mariana Godoy e Eike Batista\" class=\"img-responsive wp-image-120\" srcset=\"https:\/\/beatlescover.com.br\/wp-content\/uploads\/2019\/02\/Mariana-Godoy-e-Eike-Batista-200x138.jpg 200w, https:\/\/beatlescover.com.br\/wp-content\/uploads\/2019\/02\/Mariana-Godoy-e-Eike-Batista-400x276.jpg 400w, https:\/\/beatlescover.com.br\/wp-content\/uploads\/2019\/02\/Mariana-Godoy-e-Eike-Batista.jpg 435w\" sizes=\"auto, (min-width: 2200px) 100vw, (min-width: 784px) 367px, (min-width: 712px) 550px, (min-width: 640px) 712px, \" \/><\/div><\/a><\/div><\/div><div style=\"padding:0px;\" class=\"fusion-grid-column fusion-gallery-column fusion-gallery-column-3 hover-type-none fusion-element-grid\"><div class=\"fusion-gallery-image\"><a href=\"https:\/\/beatlescover.com.br\/wp-content\/uploads\/2019\/02\/Mauro-Tagliaferri-Mariana-Godoy-e-Eike-Batista.jpg\" data-title=\"Mauro Tagliaferri, Mariana Godoy e Eike Batista\" title=\"Mauro Tagliaferri, Mariana Godoy e Eike Batista\" data-rel=\"iLightbox[gallery_image_2]\" class=\"fusion-lightbox\" target=\"_self\"><div style=\"background-image:url(https:\/\/beatlescover.com.br\/wp-content\/uploads\/2019\/02\/Mauro-Tagliaferri-Mariana-Godoy-e-Eike-Batista.jpg);padding-top:calc((100% + 0px) * 0.8 - 0px);\" class=\"fusion-masonry-element-container\"><img loading=\"lazy\" decoding=\"async\" src=\"https:\/\/beatlescover.com.br\/wp-content\/uploads\/2019\/02\/Mauro-Tagliaferri-Mariana-Godoy-e-Eike-Batista-400x286.jpg\" width=\"560\" height=\"400\" alt=\"\" title=\"Mauro Tagliaferri, Mariana Godoy e Eike Batista\" aria-label=\"Mauro Tagliaferri, Mariana Godoy e Eike Batista\" class=\"img-responsive wp-image-121\" srcset=\"https:\/\/beatlescover.com.br\/wp-content\/uploads\/2019\/02\/Mauro-Tagliaferri-Mariana-Godoy-e-Eike-Batista-200x143.jpg 200w, https:\/\/beatlescover.com.br\/wp-content\/uploads\/2019\/02\/Mauro-Tagliaferri-Mariana-Godoy-e-Eike-Batista-400x286.jpg 400w, https:\/\/beatlescover.com.br\/wp-content\/uploads\/2019\/02\/Mauro-Tagliaferri-Mariana-Godoy-e-Eike-Batista.jpg 560w\" sizes=\"auto, (min-width: 2200px) 100vw, (min-width: 784px) 367px, (min-width: 712px) 550px, (min-width: 640px) 712px, \" \/><\/div><\/a><\/div><\/div><\/div><div class=\"fusion-clearfix\"><\/div>\r\n\r\n\t\t\t\t\t<\/div>\r\n\t\t\t\t<\/div><\/div><\/div><\/p>\n","protected":false},"excerpt":{"rendered":"","protected":false},"author":1,"featured_media":0,"parent":0,"menu_order":0,"comment_status":"closed","ping_status":"closed","template":"","meta":{"_exactmetrics_skip_tracking":false,"_exactmetrics_sitenote_active":false,"_exactmetrics_sitenote_note":"","_exactmetrics_sitenote_category":0,"footnotes":""},"class_list":["post-66","page","type-page","status-publish","hentry"],"_links":{"self":[{"href":"https:\/\/beatlescover.com.br\/index.php\/wp-json\/wp\/v2\/pages\/66","targetHints":{"allow":["GET"]}}],"collection":[{"href":"https:\/\/beatlescover.com.br\/index.php\/wp-json\/wp\/v2\/pages"}],"about":[{"href":"https:\/\/beatlescover.com.br\/index.php\/wp-json\/wp\/v2\/types\/page"}],"author":[{"embeddable":true,"href":"https:\/\/beatlescover.com.br\/index.php\/wp-json\/wp\/v2\/users\/1"}],"replies":[{"embeddable":true,"href":"https:\/\/beatlescover.com.br\/index.php\/wp-json\/wp\/v2\/comments?post=66"}],"version-history":[{"count":15,"href":"https:\/\/beatlescover.com.br\/index.php\/wp-json\/wp\/v2\/pages\/66\/revisions"}],"predecessor-version":[{"id":216,"href":"https:\/\/beatlescover.com.br\/index.php\/wp-json\/wp\/v2\/pages\/66\/revisions\/216"}],"wp:attachment":[{"href":"https:\/\/beatlescover.com.br\/index.php\/wp-json\/wp\/v2\/media?parent=66"}],"curies":[{"name":"wp","href":"https:\/\/api.w.org\/{rel}","templated":true}]}}